{"id":2250,"date":"2024-11-27T14:07:51","date_gmt":"2024-11-27T13:07:51","guid":{"rendered":"https:\/\/seminaireain.com\/index.php\/rallye-bateau-sur-lain\/"},"modified":"2026-02-04T14:23:57","modified_gmt":"2026-02-04T13:23:57","slug":"rallye-bateau-sur-lain","status":"publish","type":"page","link":"https:\/\/seminaireain.com\/index.php\/rallye-bateau-sur-lain\/","title":{"rendered":"Rallye Bateau sur l&rsquo;Ain"},"content":{"rendered":"","protected":false},"excerpt":{"rendered":"","protected":false},"author":1,"featured_media":0,"parent":0,"menu_order":0,"comment_status":"closed","ping_status":"closed","template":"","meta":{"footnotes":""},"class_list":["post-2250","page","type-page","status-publish","hentry"],"yoast_head":"<!-- This site is optimized with the Yoast SEO plugin v27.3 - https:\/\/yoast.com\/product\/yoast-seo-wordpress\/ -->\n<title>Rallye Bateau sur l&#039;Ain - Seminaire Ain<\/title>\n<meta name=\"description\" content=\"Rallye bateau sur la rivi\u00e8re d\u2019Ain : d\u00e9fis fun, \u00e9nigmes \u00e0 bord d\u2019un bateau sans permis. Une activit\u00e9 nature id\u00e9ale pour s\u00e9minaire.\" \/>\n<meta name=\"robots\" content=\"index, follow, max-snippet:-1, max-image-preview:large, max-video-preview:-1\" \/>\n<link rel=\"canonical\" href=\"https:\/\/seminaireain.com\/index.php\/rallye-bateau-sur-lain\/\" \/>\n<meta property=\"og:locale\" content=\"fr_FR\" \/>\n<meta property=\"og:type\" content=\"article\" \/>\n<meta property=\"og:title\" content=\"Rallye Bateau sur l&#039;Ain - Seminaire Ain\" \/>\n<meta property=\"og:description\" content=\"Rallye bateau sur la rivi\u00e8re d\u2019Ain : d\u00e9fis fun, \u00e9nigmes \u00e0 bord d\u2019un bateau sans permis. Une activit\u00e9 nature id\u00e9ale pour s\u00e9minaire.\" \/>\n<meta property=\"og:url\" content=\"https:\/\/seminaireain.com\/index.php\/rallye-bateau-sur-lain\/\" \/>\n<meta property=\"og:site_name\" content=\"Seminaire Ain\" \/>\n<meta property=\"article:modified_time\" content=\"2026-02-04T13:23:57+00:00\" \/>\n<meta name=\"twitter:card\" content=\"summary_large_image\" \/>\n<script type=\"application\/ld+json\" class=\"yoast-schema-graph\">{\"@context\":\"https:\\\/\\\/schema.org\",\"@graph\":[{\"@type\":\"WebPage\",\"@id\":\"https:\\\/\\\/seminaireain.com\\\/index.php\\\/rallye-bateau-sur-lain\\\/\",\"url\":\"https:\\\/\\\/seminaireain.com\\\/index.php\\\/rallye-bateau-sur-lain\\\/\",\"name\":\"Rallye Bateau sur l'Ain - Seminaire Ain\",\"isPartOf\":{\"@id\":\"https:\\\/\\\/seminaireain.com\\\/#website\"},\"datePublished\":\"2024-11-27T13:07:51+00:00\",\"dateModified\":\"2026-02-04T13:23:57+00:00\",\"description\":\"Rallye bateau sur la rivi\u00e8re d\u2019Ain : d\u00e9fis fun, \u00e9nigmes \u00e0 bord d\u2019un bateau sans permis. Une activit\u00e9 nature id\u00e9ale pour s\u00e9minaire.\",\"breadcrumb\":{\"@id\":\"https:\\\/\\\/seminaireain.com\\\/index.php\\\/rallye-bateau-sur-lain\\\/#breadcrumb\"},\"inLanguage\":\"fr-FR\",\"potentialAction\":[{\"@type\":\"ReadAction\",\"target\":[\"https:\\\/\\\/seminaireain.com\\\/index.php\\\/rallye-bateau-sur-lain\\\/\"]}]},{\"@type\":\"BreadcrumbList\",\"@id\":\"https:\\\/\\\/seminaireain.com\\\/index.php\\\/rallye-bateau-sur-lain\\\/#breadcrumb\",\"itemListElement\":[{\"@type\":\"ListItem\",\"position\":1,\"name\":\"Accueil\",\"item\":\"https:\\\/\\\/seminaireain.com\\\/\"},{\"@type\":\"ListItem\",\"position\":2,\"name\":\"Rallye Bateau sur l&rsquo;Ain\"}]},{\"@type\":\"WebSite\",\"@id\":\"https:\\\/\\\/seminaireain.com\\\/#website\",\"url\":\"https:\\\/\\\/seminaireain.com\\\/\",\"name\":\"Seminaire Ain\",\"description\":\"Des exp\u00e9riences f\u00e9d\u00e9ratrices pour renforcer la coh\u00e9sion de vos \u00e9quipes\",\"publisher\":{\"@id\":\"https:\\\/\\\/seminaireain.com\\\/#organization\"},\"potentialAction\":[{\"@type\":\"SearchAction\",\"target\":{\"@type\":\"EntryPoint\",\"urlTemplate\":\"https:\\\/\\\/seminaireain.com\\\/?s={search_term_string}\"},\"query-input\":{\"@type\":\"PropertyValueSpecification\",\"valueRequired\":true,\"valueName\":\"search_term_string\"}}],\"inLanguage\":\"fr-FR\"},{\"@type\":\"Organization\",\"@id\":\"https:\\\/\\\/seminaireain.com\\\/#organization\",\"name\":\"Seminaire Ain\",\"url\":\"https:\\\/\\\/seminaireain.com\\\/\",\"logo\":{\"@type\":\"ImageObject\",\"inLanguage\":\"fr-FR\",\"@id\":\"https:\\\/\\\/seminaireain.com\\\/#\\\/schema\\\/logo\\\/image\\\/\",\"url\":\"https:\\\/\\\/seminaireain.com\\\/wp-content\\\/uploads\\\/2026\\\/01\\\/cropped-Rivershop-04-scaled-1.png\",\"contentUrl\":\"https:\\\/\\\/seminaireain.com\\\/wp-content\\\/uploads\\\/2026\\\/01\\\/cropped-Rivershop-04-scaled-1.png\",\"width\":1810,\"height\":1810,\"caption\":\"Seminaire Ain\"},\"image\":{\"@id\":\"https:\\\/\\\/seminaireain.com\\\/#\\\/schema\\\/logo\\\/image\\\/\"}}]}<\/script>\n<!-- \/ Yoast SEO plugin. -->","yoast_head_json":{"title":"Rallye Bateau sur l'Ain - Seminaire Ain","description":"Rallye bateau sur la rivi\u00e8re d\u2019Ain : d\u00e9fis fun, \u00e9nigmes \u00e0 bord d\u2019un bateau sans permis. Une activit\u00e9 nature id\u00e9ale pour s\u00e9minaire.","robots":{"index":"index","follow":"follow","max-snippet":"max-snippet:-1","max-image-preview":"max-image-preview:large","max-video-preview":"max-video-preview:-1"},"canonical":"https:\/\/seminaireain.com\/index.php\/rallye-bateau-sur-lain\/","og_locale":"fr_FR","og_type":"article","og_title":"Rallye Bateau sur l'Ain - Seminaire Ain","og_description":"Rallye bateau sur la rivi\u00e8re d\u2019Ain : d\u00e9fis fun, \u00e9nigmes \u00e0 bord d\u2019un bateau sans permis. Une activit\u00e9 nature id\u00e9ale pour s\u00e9minaire.","og_url":"https:\/\/seminaireain.com\/index.php\/rallye-bateau-sur-lain\/","og_site_name":"Seminaire Ain","article_modified_time":"2026-02-04T13:23:57+00:00","twitter_card":"summary_large_image","schema":{"@context":"https:\/\/schema.org","@graph":[{"@type":"WebPage","@id":"https:\/\/seminaireain.com\/index.php\/rallye-bateau-sur-lain\/","url":"https:\/\/seminaireain.com\/index.php\/rallye-bateau-sur-lain\/","name":"Rallye Bateau sur l'Ain - Seminaire Ain","isPartOf":{"@id":"https:\/\/seminaireain.com\/#website"},"datePublished":"2024-11-27T13:07:51+00:00","dateModified":"2026-02-04T13:23:57+00:00","description":"Rallye bateau sur la rivi\u00e8re d\u2019Ain : d\u00e9fis fun, \u00e9nigmes \u00e0 bord d\u2019un bateau sans permis. Une activit\u00e9 nature id\u00e9ale pour s\u00e9minaire.","breadcrumb":{"@id":"https:\/\/seminaireain.com\/index.php\/rallye-bateau-sur-lain\/#breadcrumb"},"inLanguage":"fr-FR","potentialAction":[{"@type":"ReadAction","target":["https:\/\/seminaireain.com\/index.php\/rallye-bateau-sur-lain\/"]}]},{"@type":"BreadcrumbList","@id":"https:\/\/seminaireain.com\/index.php\/rallye-bateau-sur-lain\/#breadcrumb","itemListElement":[{"@type":"ListItem","position":1,"name":"Accueil","item":"https:\/\/seminaireain.com\/"},{"@type":"ListItem","position":2,"name":"Rallye Bateau sur l&rsquo;Ain"}]},{"@type":"WebSite","@id":"https:\/\/seminaireain.com\/#website","url":"https:\/\/seminaireain.com\/","name":"Seminaire Ain","description":"Des exp\u00e9riences f\u00e9d\u00e9ratrices pour renforcer la coh\u00e9sion de vos \u00e9quipes","publisher":{"@id":"https:\/\/seminaireain.com\/#organization"},"potentialAction":[{"@type":"SearchAction","target":{"@type":"EntryPoint","urlTemplate":"https:\/\/seminaireain.com\/?s={search_term_string}"},"query-input":{"@type":"PropertyValueSpecification","valueRequired":true,"valueName":"search_term_string"}}],"inLanguage":"fr-FR"},{"@type":"Organization","@id":"https:\/\/seminaireain.com\/#organization","name":"Seminaire Ain","url":"https:\/\/seminaireain.com\/","logo":{"@type":"ImageObject","inLanguage":"fr-FR","@id":"https:\/\/seminaireain.com\/#\/schema\/logo\/image\/","url":"https:\/\/seminaireain.com\/wp-content\/uploads\/2026\/01\/cropped-Rivershop-04-scaled-1.png","contentUrl":"https:\/\/seminaireain.com\/wp-content\/uploads\/2026\/01\/cropped-Rivershop-04-scaled-1.png","width":1810,"height":1810,"caption":"Seminaire Ain"},"image":{"@id":"https:\/\/seminaireain.com\/#\/schema\/logo\/image\/"}}]}},"jetpack_sharing_enabled":true,"_links":{"self":[{"href":"https:\/\/seminaireain.com\/index.php\/wp-json\/wp\/v2\/pages\/2250","targetHints":{"allow":["GET"]}}],"collection":[{"href":"https:\/\/seminaireain.com\/index.php\/wp-json\/wp\/v2\/pages"}],"about":[{"href":"https:\/\/seminaireain.com\/index.php\/wp-json\/wp\/v2\/types\/page"}],"author":[{"embeddable":true,"href":"https:\/\/seminaireain.com\/index.php\/wp-json\/wp\/v2\/users\/1"}],"replies":[{"embeddable":true,"href":"https:\/\/seminaireain.com\/index.php\/wp-json\/wp\/v2\/comments?post=2250"}],"version-history":[{"count":3,"href":"https:\/\/seminaireain.com\/index.php\/wp-json\/wp\/v2\/pages\/2250\/revisions"}],"predecessor-version":[{"id":4207,"href":"https:\/\/seminaireain.com\/index.php\/wp-json\/wp\/v2\/pages\/2250\/revisions\/4207"}],"wp:attachment":[{"href":"https:\/\/seminaireain.com\/index.php\/wp-json\/wp\/v2\/media?parent=2250"}],"curies":[{"name":"wp","href":"https:\/\/api.w.org\/{rel}","templated":true}]}}